{"id":1578,"date":"2019-05-09T08:31:18","date_gmt":"2019-05-09T06:31:18","guid":{"rendered":"https:\/\/artell.dev.jeem.no\/artell\/"},"modified":"2026-03-27T13:01:43","modified_gmt":"2026-03-27T12:01:43","slug":"forside","status":"publish","type":"page","link":"https:\/\/artell.no\/en\/","title":{"rendered":"Artell"},"content":{"rendered":"\n\n\n\n\n    <section id=\"block_29bf389f524b8c912206b891f76d241a\" class=\"core-block-gallery-image\" aria-label=\"Picture\">\n                <div class=\"cta-box\">\n            <div class=\"cta-box-content\">\n                                    <h1><\/h1>\n                \n                \n                            <\/div>\n        <\/div>\n    <\/section>\n\n\n    <section id=\"block_33e3bd9d3464d0cb2089db387a1f7f1f\" class=\"core-block-gallery-image\" aria-label=\"Picture\">\n                    <div class=\"cta-image\">\n                <img loading=\"lazy\" decoding=\"async\" src=\"https:\/\/artell.no\/wp-content\/uploads\/2023\/08\/Artell_web_topp.jpg\" width=\"2300\" height=\"556\" alt=\"\">\n            <\/div>\n                <div class=\"cta-box\">\n            <div class=\"cta-box-content\">\n                                    <h1><\/h1>\n                \n                \n                            <\/div>\n        <\/div>\n    <\/section>\n\n\n\n\n<div class=\"wp-block-columns is-layout-flex wp-container-core-columns-is-layout-9d6595d7 wp-block-columns-is-layout-flex\">\n<div class=\"wp-block-column is-layout-flow wp-block-column-is-layout-flow\">\n<h2 class=\"wp-block-heading has-text-align-center\">Spesialister p\u00e5 helsekommunikasjon<\/h2>\n\n\n\n<p class=\"has-text-align-center has-core-big-font-font-size\">Som et nisjebyr\u00e5 p\u00e5 helse er vi spesialister p\u00e5 \u00e5 skape effekt, helhetlig og forst\u00e5elig helsekommunikasjon som gir verdi. Med kreativitet, kunnskap og engasjement skaper vi l\u00f8sninger som kan \u00f8ke forst\u00e5elsen, endre holdninger og atferd hos dine m\u00e5lgrupper. Vi kan hjelpe deg med (blant annet):<\/p>\n<\/div>\n<\/div>\n\n\n\n<div class=\"wp-block-columns is-layout-flex wp-container-core-columns-is-layout-9d6595d7 wp-block-columns-is-layout-flex\">\n<div class=\"wp-block-column is-vertically-aligned-top is-layout-flow wp-block-column-is-layout-flow\">\n<h3 class=\"wp-block-heading has-text-align-center\"><\/h3>\n\n\n\n<div class=\"wp-block-columns is-layout-flex wp-container-core-columns-is-layout-9d6595d7 wp-block-columns-is-layout-flex\">\n<div class=\"wp-block-column is-layout-flow wp-block-column-is-layout-flow\">\n<ul class=\"wp-block-list\">\n<li>Innsikt og strategi<\/li>\n<\/ul>\n\n\n\n<ul class=\"wp-block-list\">\n<li>Market access\/public affairs<\/li>\n<\/ul>\n\n\n\n<ul class=\"wp-block-list\">\n<li>Awareness<\/li>\n<\/ul>\n<\/div>\n\n\n\n<div class=\"wp-block-column is-layout-flow wp-block-column-is-layout-flow\">\n<ul class=\"wp-block-list\">\n<li>Kreativitet, konsept &amp; design<\/li>\n<\/ul>\n\n\n\n<ul class=\"wp-block-list\">\n<li>KOL-aktivering&nbsp;<\/li>\n<\/ul>\n\n\n\n<ul class=\"wp-block-list\">\n<li>Pasient-aktivering<\/li>\n<\/ul>\n<\/div>\n\n\n\n<div class=\"wp-block-column is-layout-flow wp-block-column-is-layout-flow\">\n<ul class=\"wp-block-list\">\n<li>Pharma marketing&nbsp;<\/li>\n\n\n\n<li>PR &amp; Media<\/li>\n\n\n\n<li>Content (film, animasjon, tekst, grafikk&#8230;)<\/li>\n<\/ul>\n<\/div>\n<\/div>\n<\/div>\n<\/div>\n\n\n    <section id=\"block_003c9d63d070f25b14f49a90d51e4793 \" class=\"movie-content\" aria-label=\"videobanner\">\n        <div class=\"move-content_container\">\n            <div class=\"overlay-top\"><\/div>\n            <div class=\"overlay-bottom\"><\/div>\n            <div class=\"overlay-left\"><\/div>\n            <div class=\"overlay-right\"><\/div>\n\n        <\/div>\n        <div class=\"video_link_button\">\n            <button id=\"myBtn\" class=\"core_link\">se video<\/button>\n            <!-- <button id=\"myBtn\" class=\"core_link\">se video<\/button> -->\n            <!-- <a class=\"core_link\" href=\"https:\/\/player.vimeo.com\/video\/829039854\">se video<\/a> -->\n        <\/div>\n        <video class=\"inline-photo\" autoplay=\"autoplay\" loop>\n            <source src=\"https:\/\/uploads-ssl.webflow.com\/647f20bd0c8d129b20161d4e\/64819c4addb9563d1fb03790_Sekvens%2001-transcode.mp4\" type=\"video\/mp4\">\n            Your browser does not support the video tag.\n        <\/video>\n        <img decoding=\"async\" data-wf-bgvideo-fallback-img=\"true\" src=\"documents\/Sekvens-01.mp4\" alt=\"\">\n\n        <\/div>\n        <div id=\"myMOdal\" class=\"modal\">\n            <!-- Modal content -->\n            <div class=\"modal-content\">\n                <span class=\"close\">&times;<\/span>\n                <iframe src=\"https:\/\/player.vimeo.com\/video\/829039854\" frameborder=\"0\"  allowfullscreen><\/iframe>\n\n            <\/div>\n        <\/div>\n    <\/section>\n<script src=\"https:\/\/player.vimeo.com\/api\/player.js\"><\/script>\n<script>\n    $(document).ready(function() {\n        $('video').prop('muted', true).play()\n    });\n\n    window.addEventListener('scroll', () => {\n        document.body.style.setProperty('--scroll', window.pageYOffset \/ (document.body.offsetHeight - window.innerHeight));\n    }, false);\n\n    \/\/ Get the modal\n    const modal = document.getElementById(\"myMOdal\");\n\n    \/\/ Get the button that opens the modal\n    const btn = document.getElementById(\"myBtn\");\n\n    \/\/ Get the <span> element that closes the modal\n    const span = document.getElementsByClassName(\"close\")[0];\n\n    const iframe = document.querySelector('iframe');\n    const player = new Vimeo.Player(iframe);\n\n    player.on('play', function() {\n      console.log('Played the video');\n    });\n\n    player.getVideoTitle().then(function(title) {\n      console.log('title:', title);\n    });\n\n\n    \/\/ When the user clicks on the button, open the modal\n    btn.onclick = function() {\n        modal.style.display = \"block\";\n    }\n\n    \/\/ When the user clicks on <span> (x), close the modal\n    span.onclick = function() {\n        modal.style.display = \"none\";\n        player.pause();\n\n    }\n\n    \/\/ When the user clicks anywhere outside of the modal, close it\n    window.onclick = function(event) {\n        if (event.target == modal) {\n            modal.style.display = \"none\";\n        }\n    }\n<\/script>\n\n<div id=\"\"><\/div>\n<section style=\"background-color: #f0f2f4;\" id=\"block_c91d76dc03ea5dec122094dd78023cd9\" class=\"core-block-color-banner\" aria-label=\"Banner\">\n    <div class=\"cta-box\">\n        <div class=\"cta-box-content\">\n                        <h2 class=\"text-header\">Unik kompetanse<\/h2>\n                                        <p>Bransjeforst\u00e5else, erfaring og innsikt i compliance er godt implementert i v\u00e5re rutiner.<\/p>\n                                <\/div>\n    <\/div>\n<\/section>\n\n<section id=\"block_fafe83745cf45a6aeb780e64f55ac036\" class=\"core-block-qoute-full \" aria-label=\"Image carousel\"><div style=\"background-image:url(https:\/\/artell.no\/wp-content\/uploads\/2023\/08\/sitat.svg)\" class=\"gallery-slides\">            <div class=\"slide'\">\n                <div class=\"qoute_content\">\n                                            <div class=\"pretitle\">Vi er meget forn\u00f8yd med Artells rolle i \u00e5 synliggj\u00f8re Teva innenfor migrene-feltet. De har v\u00e6rt en god partner i medisinske lanseringer og digitale fremskritt. Gjennom sin spisskompetanse p\u00e5 helsekommunikasjon har de bygget opp Migreneskolen til \u00e5 bli en viktig samfunns-stemme.<\/div>\n                    \n                    <div class=\"author-info\">\n\n                                                    <p class=\"cta-content-p\">\n                                <strong> J\u00f8rgen Larsen <\/strong>\n                                                                    <strong>\u2022<\/strong> Head of CNS &#8211; Norway, Teva                                \n                            <\/p>\n                                            <\/div>\n\n                <\/div>\n                <div class=\"green-box-corner\"><\/div>\n            <\/div>            <div class=\"slide'\">\n                <div class=\"qoute_content\">\n                                            <div class=\"pretitle\">Artells kompetanse p\u00e5 helse og deres fokus p\u00e5 m\u00e5lgruppens behov og \u00f8nsker har v\u00e6rt avgj\u00f8rende for den raskt voksende trafikken og interessen for DinHjernehelse.no\r\n<\/div>\n                    \n                    <div class=\"author-info\">\n\n                                                    <p class=\"cta-content-p\">\n                                <strong> Knut Bergwitz-Larsen  <\/strong>\n                                                                    <strong>\u2022<\/strong> Commercial Lead, Takeda                                \n                            <\/p>\n                                            <\/div>\n\n                <\/div>\n                <div class=\"green-box-corner\"><\/div>\n            <\/div><\/div><\/section>\n\n<div id=\"linkedin\"><\/div>\n<section style=\"background-color: #fab800;\" id=\"block_a2e6c78f6b1734e83a8fbc22f0e850c3\" class=\"core-block-color-banner\" aria-label=\"Banner\">\n    <div class=\"cta-box\">\n        <div class=\"cta-box-content\">\n                        <h2 class=\"text-header\">Bli kjent med oss p\u00e5 LinkedIn<\/h2>\n                                        <p>Vi deler tips og r\u00e5d om helsekommunikasjon, og deler av v\u00e5rt engasjement for helse og helseopplysning.<\/p>\n                                        <a class=\"core-button white\" target=\"_blank\" href=\"https:\/\/www.linkedin.com\/company\/artell\/\">Treff oss p\u00e5 LinkedIn<\/a>\n                <!-- <p>https:\/\/www.linkedin.com\/company\/artell\/<\/p> -->\n                    <\/div>\n    <\/div>\n<\/section>\n\n<div id=\"employees_container\" class=\"kontakt\">\n    <h2>Kontakt oss for en prat!<\/h2>\n    <ul id=\"kontakter\">\n\n        <li class=\"employee_container\">\n        <img class=\"employee_image\" src=https:\/\/artell.no\/wp-content\/uploads\/2023\/09\/Kari-Line-1.jpg alt=Kari-Line Rusten width=\"500\" height=\"600\">\n            <div class=\"employee_text\">\n                    <strong>Kari-Line Rusten<\/strong>\n                    <p>R\u00e5dgiver &#038; Senior prosjektleder<\/p>\n            <\/div>\n\n\n            <div class=\"employee_text\">\n            <p>+47 992 51 630<\/p>\n            <a href=\"mailto:kari.line@artell.no\" >kari.line@artell.no<\/a>\n                <div class=\"image-text\">\n                    <p>Jeg kan hjelpe deg med r\u00e5dgivning og god prosjektstyring<\/p>\n                <\/div>\n            <\/div>\n        <\/li><li class=\"employee_container\">\n        <img class=\"employee_image\" src=https:\/\/artell.no\/wp-content\/uploads\/2023\/08\/Linda_350.jpg alt=Linda L. Solberg width=\"500\" height=\"600\">\n            <div class=\"employee_text\">\n                    <strong>Linda L. Solberg<\/strong>\n                    <p>AD &#038; Designer<\/p>\n            <\/div>\n\n\n            <div class=\"employee_text\">\n            <p>+47 412 71 689<\/p>\n            <a href=\"mailto:linda@artell.no\" >linda@artell.no<\/a>\n                <div class=\"image-text\">\n                    <p>Jeg kan hjelpe deg med design og kreativ helsekommunikasjon<\/p>\n                <\/div>\n            <\/div>\n        <\/li>    <\/ul>\n<\/div>\n\n<div id=\"linkedin\"><\/div>\n<section style=\"background-color: #d5e3dc;\" id=\"block_5b6fe88b5712696b6cdf4c9b2c292f1f\" class=\"core-block-color-banner\" aria-label=\"Banner\">\n    <div class=\"cta-box\">\n        <div class=\"cta-box-content\">\n                        <h2 class=\"text-header\">Artell-puls<\/h2>\n                                        <p>F\u00e5 med deg siste nytt og hold deg oppdatert med Artell-puls.<\/p>\n                                        <a class=\"core-button white\" target=\"_blank\" href=\"https:\/\/artell.no\/nyhetsbrev\/\">Registrer deg her<\/a>\n                <!-- <p>https:\/\/artell.no\/nyhetsbrev\/<\/p> -->\n                    <\/div>\n    <\/div>\n<\/section>\n\n","protected":false},"excerpt":{"rendered":"<p>Spesialister p\u00e5 helsekommunikasjon Som et nisjebyr\u00e5 p\u00e5 helse er vi spesialister p\u00e5 \u00e5 skape effekt, helhetlig og forst\u00e5elig helsekommunikasjon som gir verdi. Med kreativitet, kunnskap og engasjement skaper vi l\u00f8sninger som kan \u00f8ke forst\u00e5elsen, endre holdninger og atferd hos dine m\u00e5lgrupper. Vi kan hjelpe deg med (blant annet):<\/p>\n","protected":false},"author":3,"featured_media":0,"parent":0,"menu_order":0,"comment_status":"closed","ping_status":"closed","template":"","meta":{"_acf_changed":false,"_monsterinsights_skip_tracking":false,"_monsterinsights_sitenote_active":false,"_monsterinsights_sitenote_note":"","_monsterinsights_sitenote_category":0,"footnotes":""},"class_list":["post-1578","page","type-page","status-publish","hentry"],"acf":[],"yoast_head":"<!-- This site is optimized with the Yoast SEO plugin v27.3 - https:\/\/yoast.com\/product\/yoast-seo-wordpress\/ -->\n<title>Artell Kommunikasjon<\/title>\n<meta name=\"description\" content=\"Som et nisjebyr\u00e5 p\u00e5 helse er vi spesialister p\u00e5 \u00e5 skape effekt, helhetlig og forst\u00e5elig helsekommunikasjon som gir verdi.\" \/>\n<meta name=\"robots\" content=\"index, follow, max-snippet:-1, max-image-preview:large, max-video-preview:-1\" \/>\n<link rel=\"canonical\" href=\"https:\/\/artell.no\/en\/\" \/>\n<meta property=\"og:locale\" content=\"en_US\" \/>\n<meta property=\"og:type\" content=\"article\" \/>\n<meta property=\"og:title\" content=\"Artell Kommunikasjon\" \/>\n<meta property=\"og:description\" content=\"Som et nisjebyr\u00e5 p\u00e5 helse er vi spesialister p\u00e5 \u00e5 skape effekt, helhetlig og forst\u00e5elig helsekommunikasjon som gir verdi.\" \/>\n<meta property=\"og:url\" content=\"https:\/\/artell.no\/en\/\" \/>\n<meta property=\"og:site_name\" content=\"Artell\" \/>\n<meta property=\"article:modified_time\" content=\"2026-03-27T12:01:43+00:00\" \/>\n<meta name=\"twitter:card\" content=\"summary_large_image\" \/>\n<meta name=\"twitter:label1\" content=\"Est. reading time\" \/>\n\t<meta name=\"twitter:data1\" content=\"1 minute\" \/>\n<script type=\"application\/ld+json\" class=\"yoast-schema-graph\">{\"@context\":\"https:\\\/\\\/schema.org\",\"@graph\":[{\"@type\":\"WebPage\",\"@id\":\"https:\\\/\\\/artell.no\\\/en\\\/\",\"url\":\"https:\\\/\\\/artell.no\\\/en\\\/\",\"name\":\"Artell Kommunikasjon\",\"isPartOf\":{\"@id\":\"https:\\\/\\\/artell.no\\\/en\\\/#website\"},\"datePublished\":\"2019-05-09T06:31:18+00:00\",\"dateModified\":\"2026-03-27T12:01:43+00:00\",\"description\":\"Som et nisjebyr\u00e5 p\u00e5 helse er vi spesialister p\u00e5 \u00e5 skape effekt, helhetlig og forst\u00e5elig helsekommunikasjon som gir verdi.\",\"inLanguage\":\"en-US\",\"potentialAction\":[{\"@type\":\"ReadAction\",\"target\":[\"https:\\\/\\\/artell.no\\\/en\\\/\"]}]},{\"@type\":\"WebSite\",\"@id\":\"https:\\\/\\\/artell.no\\\/en\\\/#website\",\"url\":\"https:\\\/\\\/artell.no\\\/en\\\/\",\"name\":\"Artell\",\"description\":\"\",\"potentialAction\":[{\"@type\":\"SearchAction\",\"target\":{\"@type\":\"EntryPoint\",\"urlTemplate\":\"https:\\\/\\\/artell.no\\\/en\\\/?s={search_term_string}\"},\"query-input\":{\"@type\":\"PropertyValueSpecification\",\"valueRequired\":true,\"valueName\":\"search_term_string\"}}],\"inLanguage\":\"en-US\"}]}<\/script>\n<!-- \/ Yoast SEO plugin. -->","yoast_head_json":{"title":"Artell Kommunikasjon","description":"Som et nisjebyr\u00e5 p\u00e5 helse er vi spesialister p\u00e5 \u00e5 skape effekt, helhetlig og forst\u00e5elig helsekommunikasjon som gir verdi.","robots":{"index":"index","follow":"follow","max-snippet":"max-snippet:-1","max-image-preview":"max-image-preview:large","max-video-preview":"max-video-preview:-1"},"canonical":"https:\/\/artell.no\/en\/","og_locale":"en_US","og_type":"article","og_title":"Artell Kommunikasjon","og_description":"Som et nisjebyr\u00e5 p\u00e5 helse er vi spesialister p\u00e5 \u00e5 skape effekt, helhetlig og forst\u00e5elig helsekommunikasjon som gir verdi.","og_url":"https:\/\/artell.no\/en\/","og_site_name":"Artell","article_modified_time":"2026-03-27T12:01:43+00:00","twitter_card":"summary_large_image","twitter_misc":{"Est. reading time":"1 minute"},"schema":{"@context":"https:\/\/schema.org","@graph":[{"@type":"WebPage","@id":"https:\/\/artell.no\/en\/","url":"https:\/\/artell.no\/en\/","name":"Artell Kommunikasjon","isPartOf":{"@id":"https:\/\/artell.no\/en\/#website"},"datePublished":"2019-05-09T06:31:18+00:00","dateModified":"2026-03-27T12:01:43+00:00","description":"Som et nisjebyr\u00e5 p\u00e5 helse er vi spesialister p\u00e5 \u00e5 skape effekt, helhetlig og forst\u00e5elig helsekommunikasjon som gir verdi.","inLanguage":"en-US","potentialAction":[{"@type":"ReadAction","target":["https:\/\/artell.no\/en\/"]}]},{"@type":"WebSite","@id":"https:\/\/artell.no\/en\/#website","url":"https:\/\/artell.no\/en\/","name":"Artell","description":"","potentialAction":[{"@type":"SearchAction","target":{"@type":"EntryPoint","urlTemplate":"https:\/\/artell.no\/en\/?s={search_term_string}"},"query-input":{"@type":"PropertyValueSpecification","valueRequired":true,"valueName":"search_term_string"}}],"inLanguage":"en-US"}]}},"_links":{"self":[{"href":"https:\/\/artell.no\/en\/wp-json\/wp\/v2\/pages\/1578","targetHints":{"allow":["GET"]}}],"collection":[{"href":"https:\/\/artell.no\/en\/wp-json\/wp\/v2\/pages"}],"about":[{"href":"https:\/\/artell.no\/en\/wp-json\/wp\/v2\/types\/page"}],"author":[{"embeddable":true,"href":"https:\/\/artell.no\/en\/wp-json\/wp\/v2\/users\/3"}],"replies":[{"embeddable":true,"href":"https:\/\/artell.no\/en\/wp-json\/wp\/v2\/comments?post=1578"}],"version-history":[{"count":3,"href":"https:\/\/artell.no\/en\/wp-json\/wp\/v2\/pages\/1578\/revisions"}],"predecessor-version":[{"id":1780,"href":"https:\/\/artell.no\/en\/wp-json\/wp\/v2\/pages\/1578\/revisions\/1780"}],"wp:attachment":[{"href":"https:\/\/artell.no\/en\/wp-json\/wp\/v2\/media?parent=1578"}],"curies":[{"name":"wp","href":"https:\/\/api.w.org\/{rel}","templated":true}]}}